{"id":3091,"date":"2020-06-17T10:16:41","date_gmt":"2020-06-17T10:16:41","guid":{"rendered":"http:\/\/christianfurr.wallopmedia.com\/site\/?page_id=3091"},"modified":"2020-06-17T10:50:56","modified_gmt":"2020-06-17T10:50:56","slug":"artworks","status":"publish","type":"page","link":"http:\/\/christianfurr.wallopmedia.com\/site\/paintings\/zuloaga\/artworks\/","title":{"rendered":"ARTWORKS"},"content":{"rendered":"\n<figure class=\"wp-block-image size-large\"><img loading=\"lazy\" width=\"1024\" height=\"844\" src=\"http:\/\/christianfurr.wallopmedia.com\/site\/wp-content\/uploads\/2020\/06\/Signora-De-Garay_FURR_158x190_B_MASTER-1024x844.jpg\" alt=\"\" class=\"wp-image-3094\" srcset=\"http:\/\/christianfurr.wallopmedia.com\/site\/wp-content\/uploads\/2020\/06\/Signora-De-Garay_FURR_158x190_B_MASTER-1024x844.jpg 1024w, http:\/\/christianfurr.wallopmedia.com\/site\/wp-content\/uploads\/2020\/06\/Signora-De-Garay_FURR_158x190_B_MASTER-300x247.jpg 300w, http:\/\/christianfurr.wallopmedia.com\/site\/wp-content\/uploads\/2020\/06\/Signora-De-Garay_FURR_158x190_B_MASTER-768x633.jpg 768w, http:\/\/christianfurr.wallopmedia.com\/site\/wp-content\/uploads\/2020\/06\/Signora-De-Garay_FURR_158x190_B_MASTER-1536x1267.jpg 1536w, http:\/\/christianfurr.wallopmedia.com\/site\/wp-content\/uploads\/2020\/06\/Signora-De-Garay_FURR_158x190_B_MASTER-2048x1689.jpg 2048w, http:\/\/christianfurr.wallopmedia.com\/site\/wp-content\/uploads\/2020\/06\/Signora-De-Garay_FURR_158x190_B_MASTER-600x495.jpg 600w\" sizes=\"(max-width: 1024px) 100vw, 1024px\" \/><figcaption><strong>CHRISTIAN FURR 2020<\/strong><br>\u00a0<br>(After Zuloaga)\u00a0<em>RETRATO DE LA SE\u00d1ORA DE GARAY (NE\u00c9 RODR\u00cdGUEZ BAUZ\u00c1) (PORTRAIT OF SE\u00d1ORA DE GARAY)<\/em><br>\u00a0<br>Oil on Linen<br>158 x 190 cm,\u00a062\u00bc by 74\u00bein.<\/figcaption><\/figure>\n","protected":false},"excerpt":{"rendered":"<p><a class=\"read-more\" href=\"http:\/\/christianfurr.wallopmedia.com\/site\/paintings\/zuloaga\/artworks\/\">Read More<\/a><\/p>\n","protected":false},"author":1,"featured_media":0,"parent":3088,"menu_order":0,"comment_status":"closed","ping_status":"closed","template":"page-leftsidebar.php","meta":[],"_links":{"self":[{"href":"http:\/\/christianfurr.wallopmedia.com\/site\/wp-json\/wp\/v2\/pages\/3091"}],"collection":[{"href":"http:\/\/christianfurr.wallopmedia.com\/site\/wp-json\/wp\/v2\/pages"}],"about":[{"href":"http:\/\/christianfurr.wallopmedia.com\/site\/wp-json\/wp\/v2\/types\/page"}],"author":[{"embeddable":true,"href":"http:\/\/christianfurr.wallopmedia.com\/site\/wp-json\/wp\/v2\/users\/1"}],"replies":[{"embeddable":true,"href":"http:\/\/christianfurr.wallopmedia.com\/site\/wp-json\/wp\/v2\/comments?post=3091"}],"version-history":[{"count":2,"href":"http:\/\/christianfurr.wallopmedia.com\/site\/wp-json\/wp\/v2\/pages\/3091\/revisions"}],"predecessor-version":[{"id":3096,"href":"http:\/\/christianfurr.wallopmedia.com\/site\/wp-json\/wp\/v2\/pages\/3091\/revisions\/3096"}],"up":[{"embeddable":true,"href":"http:\/\/christianfurr.wallopmedia.com\/site\/wp-json\/wp\/v2\/pages\/3088"}],"wp:attachment":[{"href":"http:\/\/christianfurr.wallopmedia.com\/site\/wp-json\/wp\/v2\/media?parent=3091"}],"curies":[{"name":"wp","href":"https:\/\/api.w.org\/{rel}","templated":true}]}}